{"id":318,"date":"2024-12-24T14:39:25","date_gmt":"2024-12-24T14:39:25","guid":{"rendered":"https:\/\/www.isidoroduarte.pt\/solicitud-de-cotizacion\/"},"modified":"2025-02-26T10:44:31","modified_gmt":"2025-02-26T10:44:31","slug":"solicitud-de-cotizacion","status":"publish","type":"page","link":"https:\/\/www.isidoroduarte.pt\/es\/solicitud-de-cotizacion\/","title":{"rendered":"Solicitud de Cotizaci\u00f3n"},"content":{"rendered":"<div class=\"wpb-content-wrapper\"><p>[vc_row][vc_column]<div class=\"ult-spacer spacer-69f9cacdbb926\" data-id=\"69f9cacdbb926\" data-height=\"40\" data-height-mobile=\"16\" data-height-tab=\"20\" data-height-tab-portrait=\"20\" data-height-mobile-landscape=\"16\" style=\"clear:both;display:block;\"><\/div>[\/vc_column][\/vc_row][vc_row type=\u00bbvc_default\u00bb][vc_column]<div class=\"aio-icon-component    style_2\"><div id=\"Info-box-wrap-6439\" class=\"aio-icon-box top-icon\" style=\"\"  ><div class=\"aio-icon-top\"><div class=\"ult-just-icon-wrapper  \"><div class=\"align-icon\" style=\"text-align:center;\">\n<div class=\"aio-icon-img \" style=\"font-size:44px;display:inline-block;\" >\n\t<img decoding=\"async\" class=\"img-icon\" alt=\"PEdido de or\u00e7amentos\" src=\"https:\/\/www.isidoroduarte.pt\/wp-content\/uploads\/2024\/12\/icon_orcamentos.png\"\/>\n<\/div><\/div><\/div><\/div><div class=\"aio-icon-header\" ><h3 class=\"aio-icon-title ult-responsive\"  data-ultimate-target='#Info-box-wrap-6439 .aio-icon-title'  data-responsive-json-new='{\"font-size\":\"desktop:40px;tablet:24px;tablet_portrait:24px;mobile_landscape:20px;mobile:20px;\",\"line-height\":\"desktop:44px;tablet:28px;tablet_portrait:28px;mobile_landscape:24px;mobile:24px;\"}'  style=\"font-family:&#039;Raleway&#039;;font-weight:bold;color:#2592e1;\">Solicitud de Cotizaci\u00f3n<\/h3><\/div> <!-- header --><\/div> <!-- aio-icon-box --><\/div> <!-- aio-icon-component -->\n<div class=\"wpcf7 no-js\" id=\"wpcf7-f317-o1\" lang=\"pt-PT\" dir=\"ltr\" data-wpcf7-id=\"317\">\n<div class=\"screen-reader-response\"><p role=\"status\" aria-live=\"polite\" aria-atomic=\"true\"><\/p> <ul><\/ul><\/div>\n<form action=\"\/es\/wp-json\/wp\/v2\/pages\/318#wpcf7-f317-o1\" method=\"post\" class=\"wpcf7-form init\" aria-label=\"Formul\u00e1rio de contacto\" novalidate=\"novalidate\" data-status=\"init\">\n<div style=\"display: none;\">\n<input type=\"hidden\" name=\"_wpcf7\" value=\"317\" \/>\n<input type=\"hidden\" name=\"_wpcf7_version\" value=\"6.0.4\" \/>\n<input type=\"hidden\" name=\"_wpcf7_locale\" value=\"pt_PT\" \/>\n<input type=\"hidden\" name=\"_wpcf7_unit_tag\" value=\"wpcf7-f317-o1\" \/>\n<input type=\"hidden\" name=\"_wpcf7_container_post\" value=\"0\" \/>\n<input type=\"hidden\" name=\"_wpcf7_posted_data_hash\" value=\"\" \/>\n<input type=\"hidden\" name=\"_wpcf7_recaptcha_response\" value=\"\" \/>\n<\/div>\n<p><label> Nombre *<br \/>\n<span class=\"wpcf7-form-control-wrap\" data-name=\"nome\"><input size=\"40\" maxlength=\"400\" class=\"wpcf7-form-control wpcf7-text wpcf7-validates-as-required\" autocomplete=\"name\" aria-required=\"true\" aria-invalid=\"false\" value=\"\" type=\"text\" name=\"nome\" \/><\/span> <\/label>\n<\/p>\n<p><label> Empresa<br \/>\n<span class=\"wpcf7-form-control-wrap\" data-name=\"empresa\"><input size=\"40\" maxlength=\"400\" class=\"wpcf7-form-control wpcf7-text\" aria-invalid=\"false\" value=\"\" type=\"text\" name=\"empresa\" \/><\/span> <\/label>\n<\/p>\n<p><label> DNI<br \/>\n<span class=\"wpcf7-form-control-wrap\" data-name=\"nif\"><input size=\"40\" maxlength=\"400\" class=\"wpcf7-form-control wpcf7-text\" aria-invalid=\"false\" value=\"\" type=\"text\" name=\"nif\" \/><\/span> <\/label>\n<\/p>\n<p><label> Correo Electr\u00f3nico *<br \/>\n<span class=\"wpcf7-form-control-wrap\" data-name=\"email\"><input size=\"40\" maxlength=\"400\" class=\"wpcf7-form-control wpcf7-email wpcf7-validates-as-required wpcf7-text wpcf7-validates-as-email\" aria-required=\"true\" aria-invalid=\"false\" value=\"\" type=\"email\" name=\"email\" \/><\/span> <\/label>\n<\/p>\n<p><label> Contacto Telef\u00f3nico *<br \/>\n<span class=\"wpcf7-form-control-wrap\" data-name=\"telefone\"><input size=\"40\" maxlength=\"400\" class=\"wpcf7-form-control wpcf7-tel wpcf7-validates-as-required wpcf7-text wpcf7-validates-as-tel\" aria-required=\"true\" aria-invalid=\"false\" value=\"\" type=\"tel\" name=\"telefone\" \/><\/span> <\/label>\n<\/p>\n<p><label> Direcci\u00f3n<br \/>\n<span class=\"wpcf7-form-control-wrap\" data-name=\"morada\"><input size=\"40\" maxlength=\"400\" class=\"wpcf7-form-control wpcf7-text\" aria-invalid=\"false\" value=\"\" type=\"text\" name=\"morada\" \/><\/span> <\/label>\n<\/p>\n<p><strong>INFORMACI\u00d3N DE VIAJE<\/strong>\n<\/p>\n<p><label> Origen *<br \/>\n<span class=\"wpcf7-form-control-wrap\" data-name=\"origem\"><input size=\"40\" maxlength=\"400\" class=\"wpcf7-form-control wpcf7-text wpcf7-validates-as-required\" aria-required=\"true\" aria-invalid=\"false\" value=\"\" type=\"text\" name=\"origem\" \/><\/span> <\/label>\n<\/p>\n<p><label> Lugar de salida (especificar) *<br \/>\n<span class=\"wpcf7-form-control-wrap\" data-name=\"localP\"><input size=\"40\" maxlength=\"400\" class=\"wpcf7-form-control wpcf7-text wpcf7-validates-as-required\" aria-required=\"true\" aria-invalid=\"false\" value=\"\" type=\"text\" name=\"localP\" \/><\/span> <\/label>\n<\/p>\n<p><label> Destino *<br \/>\n<span class=\"wpcf7-form-control-wrap\" data-name=\"destino\"><input size=\"40\" maxlength=\"400\" class=\"wpcf7-form-control wpcf7-text wpcf7-validates-as-required\" aria-required=\"true\" aria-invalid=\"false\" value=\"\" type=\"text\" name=\"destino\" \/><\/span> <\/label>\n<\/p>\n<p><label> Fecha de salida *<br \/>\n<span class=\"wpcf7-form-control-wrap\" data-name=\"dataP\"><input class=\"wpcf7-form-control wpcf7-date wpcf7-validates-as-required wpcf7-validates-as-date\" aria-required=\"true\" aria-invalid=\"false\" value=\"\" type=\"date\" name=\"dataP\" \/><\/span> <\/label>\n<\/p>\n<p><label> Hora de salida *<br \/>\n<span class=\"wpcf7-form-control-wrap\" data-name=\"horaP\"><input size=\"40\" maxlength=\"400\" class=\"wpcf7-form-control wpcf7-text wpcf7-validates-as-required\" aria-required=\"true\" aria-invalid=\"false\" value=\"\" type=\"text\" name=\"horaP\" \/><\/span> <\/label>\n<\/p>\n<p><label> Fecha de llegada *<br \/>\n<span class=\"wpcf7-form-control-wrap\" data-name=\"dataC\"><input class=\"wpcf7-form-control wpcf7-date wpcf7-validates-as-required wpcf7-validates-as-date\" aria-required=\"true\" aria-invalid=\"false\" value=\"\" type=\"date\" name=\"dataC\" \/><\/span> <\/label>\n<\/p>\n<p><label> Hora de llegada *<br \/>\n<span class=\"wpcf7-form-control-wrap\" data-name=\"horaC\"><input size=\"40\" maxlength=\"400\" class=\"wpcf7-form-control wpcf7-text wpcf7-validates-as-required\" aria-required=\"true\" aria-invalid=\"false\" value=\"\" type=\"text\" name=\"horaC\" \/><\/span> <\/label>\n<\/p>\n<p><label> N\u00famero de personas (aproximado) *<br \/>\n<span class=\"wpcf7-form-control-wrap\" data-name=\"pessoas\"><input size=\"40\" maxlength=\"400\" class=\"wpcf7-form-control wpcf7-text wpcf7-validates-as-required\" aria-required=\"true\" aria-invalid=\"false\" value=\"\" type=\"text\" name=\"pessoas\" \/><\/span> <\/label>\n<\/p>\n<p><label> Informaci\u00f3n adicional<br \/>\n<span class=\"wpcf7-form-control-wrap\" data-name=\"mensagem\"><textarea cols=\"40\" rows=\"10\" maxlength=\"2000\" class=\"wpcf7-form-control wpcf7-textarea\" aria-invalid=\"false\" name=\"mensagem\"><\/textarea><\/span> <\/label>\n<\/p>\n<p>Los datos recogidos tienen como finalidad atender su solicitud y facilitar los contactos entre usted y el Grupo Barraqueiro y ser\u00e1n incluidos en nuestra agenda de contactos, de acuerdo con la Legislaci\u00f3n vigente en Protecci\u00f3n de Datos. Para obtener m\u00e1s informaci\u00f3n, consulte nuestra <a href=\"#\">Pol\u00edtica de Privacidade<\/a>.\n<\/p>\n<p><strong>Autorizo \u200b\u200ba que mis datos sean insertados en la lista de contactos:<\/strong>\n<\/p>\n<p><span class=\"wpcf7-form-control-wrap\" data-name=\"rgpd\"><span class=\"wpcf7-form-control wpcf7-radio\"><span class=\"wpcf7-list-item first\"><label><span class=\"wpcf7-list-item-label\">Sim<\/span><input type=\"radio\" name=\"rgpd\" value=\"Sim\" checked=\"checked\" \/><\/label><\/span><span class=\"wpcf7-list-item last\"><label><span class=\"wpcf7-list-item-label\">N\u00e3o<\/span><input type=\"radio\" name=\"rgpd\" value=\"N\u00e3o\" \/><\/label><\/span><\/span><\/span>\n<\/p>\n<p>Si selecciona la opci\u00f3n \u201cno\u201d, sus datos s\u00f3lo ser\u00e1n utilizados para esta situaci\u00f3n espec\u00edfica y no quedar\u00e1n archivados en la agenda de contactos del Grupo Barraqueiro.\n<\/p>\n<p><input class=\"wpcf7-form-control wpcf7-submit has-spinner\" type=\"submit\" value=\"Enviar solicitud de cotizaci\u00f3n\" \/>\n<\/p><div class=\"wpcf7-response-output\" aria-hidden=\"true\"><\/div>\n<\/form>\n<\/div>\n[\/vc_column][\/vc_row]<\/p>\n<\/div>","protected":false},"excerpt":{"rendered":"<p>[vc_row][vc_column][\/vc_column][\/vc_row][vc_row type=\u00bbvc_default\u00bb][vc_column][\/vc_column][\/vc_row]<\/p>\n","protected":false},"author":1,"featured_media":0,"parent":0,"menu_order":0,"comment_status":"closed","ping_status":"closed","template":"","meta":{"footnotes":""},"class_list":["post-318","page","type-page","status-publish","hentry","description-off"],"yoast_head":"<!-- This site is optimized with the Yoast SEO plugin v24.6 - https:\/\/yoast.com\/wordpress\/plugins\/seo\/ -->\n<title>Solicitud de Cotizaci\u00f3n - Isidoro Duarte<\/title>\n<meta name=\"robots\" content=\"index, follow, max-snippet:-1, max-image-preview:large, max-video-preview:-1\" \/>\n<link rel=\"canonical\" href=\"https:\/\/www.isidoroduarte.pt\/es\/solicitud-de-cotizacion\/\" \/>\n<meta property=\"og:locale\" content=\"es_ES\" \/>\n<meta property=\"og:type\" content=\"article\" \/>\n<meta property=\"og:title\" content=\"Solicitud de Cotizaci\u00f3n - Isidoro Duarte\" \/>\n<meta property=\"og:description\" content=\"[vc_row][vc_column][\/vc_column][\/vc_row][vc_row type=\u00bbvc_default\u00bb][vc_column][\/vc_column][\/vc_row]\" \/>\n<meta property=\"og:url\" content=\"https:\/\/www.isidoroduarte.pt\/es\/solicitud-de-cotizacion\/\" \/>\n<meta property=\"og:site_name\" content=\"Isidoro Duarte\" \/>\n<meta property=\"article:modified_time\" content=\"2025-02-26T10:44:31+00:00\" \/>\n<meta name=\"twitter:card\" content=\"summary_large_image\" \/>\n<meta name=\"twitter:label1\" content=\"Tiempo de lectura\" \/>\n\t<meta name=\"twitter:data1\" content=\"1 minuto\" \/>\n<script type=\"application\/ld+json\" class=\"yoast-schema-graph\">{\"@context\":\"https:\/\/schema.org\",\"@graph\":[{\"@type\":\"WebPage\",\"@id\":\"https:\/\/www.isidoroduarte.pt\/es\/solicitud-de-cotizacion\/\",\"url\":\"https:\/\/www.isidoroduarte.pt\/es\/solicitud-de-cotizacion\/\",\"name\":\"Solicitud de Cotizaci\u00f3n - Isidoro Duarte\",\"isPartOf\":{\"@id\":\"https:\/\/www.isidoroduarte.pt\/#website\"},\"datePublished\":\"2024-12-24T14:39:25+00:00\",\"dateModified\":\"2025-02-26T10:44:31+00:00\",\"breadcrumb\":{\"@id\":\"https:\/\/www.isidoroduarte.pt\/es\/solicitud-de-cotizacion\/#breadcrumb\"},\"inLanguage\":\"es\",\"potentialAction\":[{\"@type\":\"ReadAction\",\"target\":[\"https:\/\/www.isidoroduarte.pt\/es\/solicitud-de-cotizacion\/\"]}]},{\"@type\":\"BreadcrumbList\",\"@id\":\"https:\/\/www.isidoroduarte.pt\/es\/solicitud-de-cotizacion\/#breadcrumb\",\"itemListElement\":[{\"@type\":\"ListItem\",\"position\":1,\"name\":\"In\u00edcio\",\"item\":\"https:\/\/www.isidoroduarte.pt\/es\/\"},{\"@type\":\"ListItem\",\"position\":2,\"name\":\"Solicitud de Cotizaci\u00f3n\"}]},{\"@type\":\"WebSite\",\"@id\":\"https:\/\/www.isidoroduarte.pt\/#website\",\"url\":\"https:\/\/www.isidoroduarte.pt\/\",\"name\":\"Isidoro Duarte\",\"description\":\"\",\"potentialAction\":[{\"@type\":\"SearchAction\",\"target\":{\"@type\":\"EntryPoint\",\"urlTemplate\":\"https:\/\/www.isidoroduarte.pt\/?s={search_term_string}\"},\"query-input\":{\"@type\":\"PropertyValueSpecification\",\"valueRequired\":true,\"valueName\":\"search_term_string\"}}],\"inLanguage\":\"es\"}]}<\/script>\n<!-- \/ Yoast SEO plugin. -->","yoast_head_json":{"title":"Solicitud de Cotizaci\u00f3n - Isidoro Duarte","robots":{"index":"index","follow":"follow","max-snippet":"max-snippet:-1","max-image-preview":"max-image-preview:large","max-video-preview":"max-video-preview:-1"},"canonical":"https:\/\/www.isidoroduarte.pt\/es\/solicitud-de-cotizacion\/","og_locale":"es_ES","og_type":"article","og_title":"Solicitud de Cotizaci\u00f3n - Isidoro Duarte","og_description":"[vc_row][vc_column][\/vc_column][\/vc_row][vc_row type=\u00bbvc_default\u00bb][vc_column][\/vc_column][\/vc_row]","og_url":"https:\/\/www.isidoroduarte.pt\/es\/solicitud-de-cotizacion\/","og_site_name":"Isidoro Duarte","article_modified_time":"2025-02-26T10:44:31+00:00","twitter_card":"summary_large_image","twitter_misc":{"Tiempo de lectura":"1 minuto"},"schema":{"@context":"https:\/\/schema.org","@graph":[{"@type":"WebPage","@id":"https:\/\/www.isidoroduarte.pt\/es\/solicitud-de-cotizacion\/","url":"https:\/\/www.isidoroduarte.pt\/es\/solicitud-de-cotizacion\/","name":"Solicitud de Cotizaci\u00f3n - Isidoro Duarte","isPartOf":{"@id":"https:\/\/www.isidoroduarte.pt\/#website"},"datePublished":"2024-12-24T14:39:25+00:00","dateModified":"2025-02-26T10:44:31+00:00","breadcrumb":{"@id":"https:\/\/www.isidoroduarte.pt\/es\/solicitud-de-cotizacion\/#breadcrumb"},"inLanguage":"es","potentialAction":[{"@type":"ReadAction","target":["https:\/\/www.isidoroduarte.pt\/es\/solicitud-de-cotizacion\/"]}]},{"@type":"BreadcrumbList","@id":"https:\/\/www.isidoroduarte.pt\/es\/solicitud-de-cotizacion\/#breadcrumb","itemListElement":[{"@type":"ListItem","position":1,"name":"In\u00edcio","item":"https:\/\/www.isidoroduarte.pt\/es\/"},{"@type":"ListItem","position":2,"name":"Solicitud de Cotizaci\u00f3n"}]},{"@type":"WebSite","@id":"https:\/\/www.isidoroduarte.pt\/#website","url":"https:\/\/www.isidoroduarte.pt\/","name":"Isidoro Duarte","description":"","potentialAction":[{"@type":"SearchAction","target":{"@type":"EntryPoint","urlTemplate":"https:\/\/www.isidoroduarte.pt\/?s={search_term_string}"},"query-input":{"@type":"PropertyValueSpecification","valueRequired":true,"valueName":"search_term_string"}}],"inLanguage":"es"}]}},"_links":{"self":[{"href":"https:\/\/www.isidoroduarte.pt\/es\/wp-json\/wp\/v2\/pages\/318","targetHints":{"allow":["GET"]}}],"collection":[{"href":"https:\/\/www.isidoroduarte.pt\/es\/wp-json\/wp\/v2\/pages"}],"about":[{"href":"https:\/\/www.isidoroduarte.pt\/es\/wp-json\/wp\/v2\/types\/page"}],"author":[{"embeddable":true,"href":"https:\/\/www.isidoroduarte.pt\/es\/wp-json\/wp\/v2\/users\/1"}],"replies":[{"embeddable":true,"href":"https:\/\/www.isidoroduarte.pt\/es\/wp-json\/wp\/v2\/comments?post=318"}],"version-history":[{"count":4,"href":"https:\/\/www.isidoroduarte.pt\/es\/wp-json\/wp\/v2\/pages\/318\/revisions"}],"predecessor-version":[{"id":322,"href":"https:\/\/www.isidoroduarte.pt\/es\/wp-json\/wp\/v2\/pages\/318\/revisions\/322"}],"wp:attachment":[{"href":"https:\/\/www.isidoroduarte.pt\/es\/wp-json\/wp\/v2\/media?parent=318"}],"curies":[{"name":"wp","href":"https:\/\/api.w.org\/{rel}","templated":true}]}}